{"id":83,"date":"2021-08-25T18:07:47","date_gmt":"2021-08-25T18:07:47","guid":{"rendered":"https:\/\/www.rainerachterholt.de\/?page_id=83"},"modified":"2024-11-26T13:19:23","modified_gmt":"2024-11-26T13:19:23","slug":"meine-musik-im-video","status":"publish","type":"page","link":"https:\/\/www.rainerachterholt.de\/gb\/meine-musik-im-video","title":{"rendered":"Videos to present my Music"},"content":{"rendered":"\n<div class=\"wp-block-cover alignfull\" style=\"min-height:676px;aspect-ratio:unset;\"><span aria-hidden=\"true\" class=\"wp-block-cover__background has-background-dim\"><\/span><img loading=\"lazy\" decoding=\"async\" width=\"768\" height=\"1152\" sizes=\"auto, (max-width: 799px) 200vw, (max-width: 768px) 100vw, 768px\" class=\"wp-block-cover__image-background wp-image-86\" alt=\"\" src=\"https:\/\/www.rainerachterholt.de\/wp-content\/uploads\/2021\/08\/image003-1-e1629913984280.jpg\" style=\"object-position:2% 37%\" data-object-fit=\"cover\" data-object-position=\"2% 37%\"\/><div class=\"wp-block-cover__inner-container is-layout-flow wp-block-cover-is-layout-flow\">\n<h2 class=\"wp-block-heading\">Videos to present my Music<\/h2>\n<\/div><\/div>\n\n\n\n<div class=\"wp-block-group alignwide\"><div class=\"wp-block-group__inner-container is-layout-flow wp-block-group-is-layout-flow\">\n<div class=\"wp-block-columns alignwide is-layout-flex wp-container-core-columns-is-layout-d0b3c9c8 wp-block-columns-is-layout-flex\">\n<div class=\"wp-block-column is-layout-flow wp-block-column-is-layout-flow\" style=\"--col-width:50%;flex-basis:50%\">\n<figure class=\"wp-block-embed is-type-video is-provider-youtube wp-block-embed-youtube wp-embed-aspect-16-9 wp-has-aspect-ratio\"><div class=\"wp-block-embed__wrapper\">\n<iframe loading=\"lazy\" title=\"Prelude &amp; Tanz - Rainer Achterholt\" width=\"640\" height=\"360\" src=\"https:\/\/www.youtube.com\/embed\/3jaZ9dYzebE?feature=oembed\" frameborder=\"0\" allow=\"accelerometer; autoplay; clipboard-write; encrypted-media; gyroscope; picture-in-picture; web-share\" referrerpolicy=\"strict-origin-when-cross-origin\" allowfullscreen><\/iframe>\n<\/div><\/figure>\n<\/div>\n\n\n\n<div class=\"wp-block-column is-layout-flow wp-block-column-is-layout-flow\" style=\"--col-width:50%;flex-basis:50%\">\n<h2 class=\"wp-block-heading\">Prelude &amp; Tanz<\/h2>\n\n\n\n<p>Guitarduo performed by Daniel Rogozhnikov and Rainer Achterholt.<\/p>\n\n\n\n<a href=\"https:\/\/payhip.com\/b\/OWBXz\" class=\"payhip-add-to-cart-button\" data-theme=\"green\" data-product=\"OWBXz\">Add to card<\/a>\n\n\n\n<a href=\"https:\/\/payhip.com\/b\/OWBXz\" class=\"payhip-buy-button\" data-theme=\"green\" data-product=\"OWBXz\">Buy now<\/a>\n\n\n\n<p><\/p>\n<\/div>\n<\/div>\n<\/div><\/div>\n\n\n<style>.wp-block-kadence-spacer.kt-block-spacer-83_fc1135-13 .kt-block-spacer{height:60px;}.wp-block-kadence-spacer.kt-block-spacer-83_fc1135-13 .kt-divider{border-top-width:1px;height:1px;border-top-color:#eee;width:80%;border-top-style:solid;}<\/style>\n<div class=\"wp-block-kadence-spacer aligncenter kt-block-spacer-83_fc1135-13\"><div class=\"kt-block-spacer kt-block-spacer-halign-center\"><hr class=\"kt-divider\"\/><\/div><\/div>\n\n\n\n<div class=\"wp-block-group alignwide\"><div class=\"wp-block-group__inner-container is-layout-flow wp-block-group-is-layout-flow\">\n<div class=\"wp-block-columns alignwide is-layout-flex wp-container-core-columns-is-layout-d0b3c9c8 wp-block-columns-is-layout-flex\">\n<div class=\"wp-block-column is-layout-flow wp-block-column-is-layout-flow\" style=\"--col-width:50%;flex-basis:50%\">\n<h2 class=\"wp-block-heading\">Bon Jour <\/h2>\n\n\n\n<p>Duo for guitar performed by Daniel Rogozhnikov and Rainer Achterholt.<\/p>\n\n\n\n<p>You can buy the corresponding sheets in the shop:<\/p>\n\n\n\n<a href=\"https:\/\/payhip.com\/b\/Sf1wm\" class=\"payhip-add-to-cart-button\" data-theme=\"green\" data-product=\"Sf1wm\">Add to cart<\/a>\n\n\n\n<a href=\"https:\/\/payhip.com\/b\/Sf1wm\" class=\"payhip-buy-button\" data-theme=\"green\" data-product=\"Sf1wm\">Buy now<\/a>\n<\/div>\n\n\n\n<div class=\"wp-block-column is-layout-flow wp-block-column-is-layout-flow\" style=\"--col-width:50%;flex-basis:50%\">\n<figure class=\"wp-block-embed is-type-video is-provider-youtube wp-block-embed-youtube wp-embed-aspect-16-9 wp-has-aspect-ratio\"><div class=\"wp-block-embed__wrapper\">\n<iframe loading=\"lazy\" title=\"Rainer Achterholt &amp; Daniel Rogozhnikov - &quot;Bon Jour&quot; von Rainer Achterholt\" width=\"640\" height=\"360\" src=\"https:\/\/www.youtube.com\/embed\/OANhxO-NvP4?feature=oembed\" frameborder=\"0\" allow=\"accelerometer; autoplay; clipboard-write; encrypted-media; gyroscope; picture-in-picture; web-share\" referrerpolicy=\"strict-origin-when-cross-origin\" allowfullscreen><\/iframe>\n<\/div><\/figure>\n<\/div>\n<\/div>\n<\/div><\/div>\n\n\n<style>.wp-block-kadence-spacer.kt-block-spacer-83_4bc559-01 .kt-block-spacer{height:60px;}.wp-block-kadence-spacer.kt-block-spacer-83_4bc559-01 .kt-divider{border-top-width:1px;height:1px;border-top-color:#eee;width:80%;border-top-style:solid;}<\/style>\n<div class=\"wp-block-kadence-spacer aligncenter kt-block-spacer-83_4bc559-01\"><div class=\"kt-block-spacer kt-block-spacer-halign-center\"><hr class=\"kt-divider\"\/><\/div><\/div>\n\n\n\n<div class=\"wp-block-group alignwide\"><div class=\"wp-block-group__inner-container is-layout-flow wp-block-group-is-layout-flow\">\n<div class=\"wp-block-columns alignwide is-layout-flex wp-container-core-columns-is-layout-d0b3c9c8 wp-block-columns-is-layout-flex\">\n<div class=\"wp-block-column is-layout-flow wp-block-column-is-layout-flow\" style=\"--col-width:50%;flex-basis:50%\">\n<figure class=\"wp-block-embed is-type-video is-provider-youtube wp-block-embed-youtube wp-embed-aspect-16-9 wp-has-aspect-ratio\"><div class=\"wp-block-embed__wrapper\">\n<iframe loading=\"lazy\" title=\"A Simple Waltz - Rainer Achterholt\" width=\"640\" height=\"360\" src=\"https:\/\/www.youtube.com\/embed\/_iXGHoRv8Pg?feature=oembed\" frameborder=\"0\" allow=\"accelerometer; autoplay; clipboard-write; encrypted-media; gyroscope; picture-in-picture; web-share\" referrerpolicy=\"strict-origin-when-cross-origin\" allowfullscreen><\/iframe>\n<\/div><\/figure>\n<\/div>\n\n\n\n<div class=\"wp-block-column is-layout-flow wp-block-column-is-layout-flow\" style=\"--col-width:50%;flex-basis:50%\">\n<h2 class=\"wp-block-heading\">A Simple Waltz (Solo)<\/h2>\n\n\n\n<p>&#8220;A Simple Waltz&#8221;, performed by Lukas Bremer.<\/p>\n\n\n\n<p>You can buy the corresponding sheets in the shop<\/p>\n\n\n\n<a href=\"https:\/\/payhip.com\/b\/UYXWd\" class=\"payhip-add-to-cart-button\" data-theme=\"green\" data-product=\"UYXWd\">Add To Cart<\/a>\n\n\n\n<a href=\"https:\/\/payhip.com\/b\/UYXWd\" class=\"payhip-buy-button\" data-theme=\"green\" data-product=\"UYXWd\">Buy Now<\/a>\n\n\n\n<p><\/p>\n<\/div>\n<\/div>\n<\/div><\/div>\n\n\n<style>.wp-block-kadence-spacer.kt-block-spacer-83_376e33-d7 .kt-block-spacer{height:60px;}.wp-block-kadence-spacer.kt-block-spacer-83_376e33-d7 .kt-divider{border-top-width:1px;height:1px;border-top-color:#eee;width:80%;border-top-style:solid;}<\/style>\n<div class=\"wp-block-kadence-spacer aligncenter kt-block-spacer-83_376e33-d7\"><div class=\"kt-block-spacer kt-block-spacer-halign-center\"><hr class=\"kt-divider\"\/><\/div><\/div>\n\n\n\n<div class=\"wp-block-group alignwide\"><div class=\"wp-block-group__inner-container is-layout-flow wp-block-group-is-layout-flow\">\n<div class=\"wp-block-columns alignwide is-layout-flex wp-container-core-columns-is-layout-d0b3c9c8 wp-block-columns-is-layout-flex\">\n<div class=\"wp-block-column is-layout-flow wp-block-column-is-layout-flow\" style=\"--col-width:50%;flex-basis:50%\">\n<h2 class=\"wp-block-heading\">A Simple Waltz (Quartet)<\/h2>\n\n\n\n<p>A quartet for guitar, performed by students of the  &#8220;Westf\u00e4lischen Schule f\u00fcr Musik M\u00fcnster&#8221; : <br>&#8220;A Simple Waltz&#8221;<\/p>\n\n\n\n<a href=\"https:\/\/payhip.com\/b\/RXVsg\" class=\"payhip-add-to-cart-button\" data-theme=\"green\" data-product=\"RXVsg\">Add To Cart<\/a>\n\n\n\n<a href=\"https:\/\/payhip.com\/b\/RXVsg\" class=\"payhip-buy-button\" data-theme=\"green\" data-product=\"RXVsg\">Buy Now<\/a>\n<\/div>\n\n\n\n<div class=\"wp-block-column is-layout-flow wp-block-column-is-layout-flow\" style=\"--col-width:50%;flex-basis:50%\">\n<figure class=\"wp-block-embed is-type-video is-provider-youtube wp-block-embed-youtube wp-embed-aspect-16-9 wp-has-aspect-ratio\"><div class=\"wp-block-embed__wrapper\">\n<iframe loading=\"lazy\" title=\"Just for fun - Rainer Achterholt\" width=\"640\" height=\"360\" src=\"https:\/\/www.youtube.com\/embed\/u_esVuKzv5s?feature=oembed\" frameborder=\"0\" allow=\"accelerometer; autoplay; clipboard-write; encrypted-media; gyroscope; picture-in-picture; web-share\" referrerpolicy=\"strict-origin-when-cross-origin\" allowfullscreen><\/iframe>\n<\/div><\/figure>\n<\/div>\n<\/div>\n<\/div><\/div>\n\n\n<style>.wp-block-kadence-spacer.kt-block-spacer-83_557851-90 .kt-block-spacer{height:60px;}.wp-block-kadence-spacer.kt-block-spacer-83_557851-90 .kt-divider{border-top-width:1px;height:1px;border-top-color:#eee;width:80%;border-top-style:solid;}<\/style>\n<div class=\"wp-block-kadence-spacer aligncenter kt-block-spacer-83_557851-90\"><div class=\"kt-block-spacer kt-block-spacer-halign-center\"><hr class=\"kt-divider\"\/><\/div><\/div>\n\n\n\n<div class=\"wp-block-group alignwide\"><div class=\"wp-block-group__inner-container is-layout-flow wp-block-group-is-layout-flow\">\n<div class=\"wp-block-columns alignwide is-layout-flex wp-container-core-columns-is-layout-d0b3c9c8 wp-block-columns-is-layout-flex\">\n<div class=\"wp-block-column is-layout-flow wp-block-column-is-layout-flow\" style=\"--col-width:50%;flex-basis:50%\">\n<figure class=\"wp-block-embed is-type-video is-provider-youtube wp-block-embed-youtube wp-embed-aspect-16-9 wp-has-aspect-ratio\"><div class=\"wp-block-embed__wrapper\">\n<iframe loading=\"lazy\" title=\"Sonnenaufgang - Rainer Achterholt\" width=\"640\" height=\"360\" src=\"https:\/\/www.youtube.com\/embed\/exonX7hIrpw?feature=oembed\" frameborder=\"0\" allow=\"accelerometer; autoplay; clipboard-write; encrypted-media; gyroscope; picture-in-picture; web-share\" referrerpolicy=\"strict-origin-when-cross-origin\" allowfullscreen><\/iframe>\n<\/div><\/figure>\n\n\n\n<p><\/p>\n<\/div>\n\n\n\n<div class=\"wp-block-column is-layout-flow wp-block-column-is-layout-flow\" style=\"--col-width:50%;flex-basis:50%\">\n<h2 class=\"wp-block-heading\">Sonnenaufgang<\/h2>\n\n\n\n<p>&#8220;Sonnenaufgang&#8221;, perfomed by Lukas Bremer.<\/p>\n\n\n\n<p>You can buy the corresponding sheets in the shop:<\/p>\n\n\n\n<a href=\"https:\/\/payhip.com\/b\/x7wY6\" class=\"payhip-add-to-cart-button\" data-theme=\"green\" data-product=\"x7wY6\">Add To Cart<\/a>\n\n\n\n<a href=\"https:\/\/payhip.com\/b\/x7wY6\" class=\"payhip-buy-button\" data-theme=\"green\" data-product=\"x7wY6\">Buy Now<\/a>\n<\/div>\n<\/div>\n<\/div><\/div>\n\n\n<style>.wp-block-kadence-spacer.kt-block-spacer-83_9faaa8-93 .kt-block-spacer{height:60px;}.wp-block-kadence-spacer.kt-block-spacer-83_9faaa8-93 .kt-divider{border-top-width:1px;height:1px;border-top-color:#eee;width:80%;border-top-style:solid;}<\/style>\n<div class=\"wp-block-kadence-spacer aligncenter kt-block-spacer-83_9faaa8-93\"><div class=\"kt-block-spacer kt-block-spacer-halign-center\"><hr class=\"kt-divider\"\/><\/div><\/div>\n\n\n\n<div class=\"wp-block-group alignwide\"><div class=\"wp-block-group__inner-container is-layout-flow wp-block-group-is-layout-flow\">\n<div class=\"wp-block-columns alignwide is-layout-flex wp-container-core-columns-is-layout-d0b3c9c8 wp-block-columns-is-layout-flex\">\n<div class=\"wp-block-column is-layout-flow wp-block-column-is-layout-flow\" style=\"--col-width:50%;flex-basis:50%\">\n<h2 class=\"wp-block-heading\">Just for Fun<\/h2>\n\n\n\n<p>A quartet for guitar, performed by students of the  &#8220;Westf\u00e4lischen Schule f\u00fcr Musik M\u00fcnster&#8221; : <\/p>\n\n\n\n<p>&#8220;Just for Fun&#8221;.<\/p>\n\n\n\n<a href=\"https:\/\/payhip.com\/b\/UhSgL\" class=\"payhip-add-to-cart-button\" data-theme=\"green\" data-product=\"UhSgL\">Add To Cart<\/a>\n\n\n\n<a href=\"https:\/\/payhip.com\/b\/UhSgL\" class=\"payhip-buy-button\" data-theme=\"green\" data-product=\"UhSgL\">Sofort kaufen<\/a>\n<\/div>\n\n\n\n<div class=\"wp-block-column is-layout-flow wp-block-column-is-layout-flow\" style=\"--col-width:50%;flex-basis:50%\">\n<figure class=\"wp-block-embed is-type-video is-provider-youtube wp-block-embed-youtube wp-embed-aspect-16-9 wp-has-aspect-ratio\"><div class=\"wp-block-embed__wrapper\">\n<iframe loading=\"lazy\" title=\"Just for fun - Rainer Achterholt\" width=\"640\" height=\"360\" src=\"https:\/\/www.youtube.com\/embed\/u_esVuKzv5s?feature=oembed\" frameborder=\"0\" allow=\"accelerometer; autoplay; clipboard-write; encrypted-media; gyroscope; picture-in-picture; web-share\" referrerpolicy=\"strict-origin-when-cross-origin\" allowfullscreen><\/iframe>\n<\/div><\/figure>\n<\/div>\n<\/div>\n<\/div><\/div>\n\n\n<style>.wp-block-kadence-spacer.kt-block-spacer-83_cc35fd-1c .kt-block-spacer{height:60px;}.wp-block-kadence-spacer.kt-block-spacer-83_cc35fd-1c .kt-divider{border-top-width:1px;height:1px;border-top-color:#eee;width:80%;border-top-style:solid;}<\/style>\n<div class=\"wp-block-kadence-spacer aligncenter kt-block-spacer-83_cc35fd-1c\"><div class=\"kt-block-spacer kt-block-spacer-halign-center\"><hr class=\"kt-divider\"\/><\/div><\/div>\n\n\n\n<div class=\"wp-block-group alignwide\"><div class=\"wp-block-group__inner-container is-layout-flow wp-block-group-is-layout-flow\">\n<div class=\"wp-block-columns alignwide is-layout-flex wp-container-core-columns-is-layout-d0b3c9c8 wp-block-columns-is-layout-flex\">\n<div class=\"wp-block-column is-layout-flow wp-block-column-is-layout-flow\" style=\"--col-width:50%;flex-basis:50%\">\n<figure class=\"wp-block-embed is-type-video is-provider-youtube wp-block-embed-youtube wp-embed-aspect-16-9 wp-has-aspect-ratio\"><div class=\"wp-block-embed__wrapper\">\n<iframe loading=\"lazy\" title=\"Blues Jam - Rainer Achterholt\" width=\"640\" height=\"360\" src=\"https:\/\/www.youtube.com\/embed\/zizGSs4LfUs?feature=oembed\" frameborder=\"0\" allow=\"accelerometer; autoplay; clipboard-write; encrypted-media; gyroscope; picture-in-picture; web-share\" referrerpolicy=\"strict-origin-when-cross-origin\" allowfullscreen><\/iframe>\n<\/div><\/figure>\n\n\n\n<p><\/p>\n<\/div>\n\n\n\n<div class=\"wp-block-column is-layout-flow wp-block-column-is-layout-flow\" style=\"--col-width:50%;flex-basis:50%\">\n<h2 class=\"wp-block-heading\">Blues Jam<\/h2>\n\n\n\n<p>&#8220;Blues Jam&#8221;, perfomed by Tilmann Hoerster.<\/p>\n\n\n\n<p>You can buy the corresponding sheets in the shop:<\/p>\n\n\n\n<a href=\"https:\/\/payhip.com\/b\/A357K\" class=\"payhip-add-to-cart-button\" data-theme=\"green\" data-product=\"A357K\">Add To Cart<\/a>\n\n\n\n<a href=\"https:\/\/payhip.com\/b\/A357K\" class=\"payhip-buy-button\" data-theme=\"green\" data-product=\"A357K\">Buy Now<\/a>\n<\/div>\n<\/div>\n<\/div><\/div>\n\n\n<style>.wp-block-kadence-spacer.kt-block-spacer-83_0d7a3a-ae .kt-block-spacer{height:60px;}.wp-block-kadence-spacer.kt-block-spacer-83_0d7a3a-ae .kt-divider{border-top-width:1px;height:1px;border-top-color:#eee;width:80%;border-top-style:solid;}<\/style>\n<div class=\"wp-block-kadence-spacer aligncenter kt-block-spacer-83_0d7a3a-ae\"><div class=\"kt-block-spacer kt-block-spacer-halign-center\"><hr class=\"kt-divider\"\/><\/div><\/div>\n\n\n\n<div class=\"wp-block-group alignwide\"><div class=\"wp-block-group__inner-container is-layout-flow wp-block-group-is-layout-flow\">\n<div class=\"wp-block-columns alignwide is-layout-flex wp-container-core-columns-is-layout-d0b3c9c8 wp-block-columns-is-layout-flex\">\n<div class=\"wp-block-column is-layout-flow wp-block-column-is-layout-flow\" style=\"--col-width:50%;flex-basis:50%\">\n<h2 class=\"wp-block-heading\">Lockdown Suite<\/h2>\n\n\n\n<p>A quartet for guitar, performed by students of the  &#8220;Westf\u00e4lischen Schule f\u00fcr Musik M\u00fcnster&#8221; : <\/p>\n\n\n\n<p>&#8220;Lockdown Suite&#8221;.<\/p>\n\n\n\n<a href=\"https:\/\/payhip.com\/b\/QyCk7\" class=\"payhip-add-to-cart-button\" data-theme=\"green\" data-product=\"QyCk7\">Add To Cart<\/a>\n\n\n\n<a href=\"https:\/\/payhip.com\/b\/QyCk7\" class=\"payhip-buy-button\" data-theme=\"green\" data-product=\"QyCk7\">Buy Now<\/a>\n<\/div>\n\n\n\n<div class=\"wp-block-column is-layout-flow wp-block-column-is-layout-flow\" style=\"--col-width:50%;flex-basis:50%\">\n<div class=\"wp-block-columns is-layout-flex wp-container-core-columns-is-layout-d0b3c9c8 wp-block-columns-is-layout-flex\">\n<div class=\"wp-block-column is-layout-flow wp-block-column-is-layout-flow\">\n<figure class=\"wp-block-embed is-type-video is-provider-youtube wp-block-embed-youtube wp-embed-aspect-16-9 wp-has-aspect-ratio\"><div class=\"wp-block-embed__wrapper\">\n<iframe loading=\"lazy\" title=\"Lockdownsuite I - Rainer Achterholt\" width=\"640\" height=\"360\" src=\"https:\/\/www.youtube.com\/embed\/3xofoF439B4?feature=oembed\" frameborder=\"0\" allow=\"accelerometer; autoplay; clipboard-write; encrypted-media; gyroscope; picture-in-picture; web-share\" referrerpolicy=\"strict-origin-when-cross-origin\" allowfullscreen><\/iframe>\n<\/div><figcaption class=\"wp-element-caption\">Part 1<\/figcaption><\/figure>\n<\/div>\n\n\n\n<div class=\"wp-block-column is-layout-flow wp-block-column-is-layout-flow\">\n<figure class=\"wp-block-embed is-type-video is-provider-youtube wp-block-embed-youtube wp-embed-aspect-16-9 wp-has-aspect-ratio\"><div class=\"wp-block-embed__wrapper\">\n<iframe loading=\"lazy\" title=\"Lockdownsuite II - Rainer Achterholt\" width=\"640\" height=\"360\" src=\"https:\/\/www.youtube.com\/embed\/GWKtoFiAqHI?feature=oembed\" frameborder=\"0\" allow=\"accelerometer; autoplay; clipboard-write; encrypted-media; gyroscope; picture-in-picture; web-share\" referrerpolicy=\"strict-origin-when-cross-origin\" allowfullscreen><\/iframe>\n<\/div><figcaption class=\"wp-element-caption\">Part 2<\/figcaption><\/figure>\n<\/div>\n<\/div>\n\n\n\n<div class=\"wp-block-columns is-layout-flex wp-container-core-columns-is-layout-d0b3c9c8 wp-block-columns-is-layout-flex\">\n<div class=\"wp-block-column is-layout-flow wp-block-column-is-layout-flow\">\n<figure class=\"wp-block-embed is-type-video is-provider-youtube wp-block-embed-youtube wp-embed-aspect-16-9 wp-has-aspect-ratio\"><div class=\"wp-block-embed__wrapper\">\n<iframe loading=\"lazy\" title=\"Lockdownsuite III - Rainer Achterholt\" width=\"640\" height=\"360\" src=\"https:\/\/www.youtube.com\/embed\/zNrDZ4iPZYg?feature=oembed\" frameborder=\"0\" allow=\"accelerometer; autoplay; clipboard-write; encrypted-media; gyroscope; picture-in-picture; web-share\" referrerpolicy=\"strict-origin-when-cross-origin\" allowfullscreen><\/iframe>\n<\/div><figcaption class=\"wp-element-caption\">Part 3<\/figcaption><\/figure>\n<\/div>\n\n\n\n<div class=\"wp-block-column is-layout-flow wp-block-column-is-layout-flow\">\n<figure class=\"wp-block-embed is-type-video is-provider-youtube wp-block-embed-youtube wp-embed-aspect-16-9 wp-has-aspect-ratio\"><div class=\"wp-block-embed__wrapper\">\n<iframe loading=\"lazy\" title=\"Lockdownsuite IV - Rainer Achterholt\" width=\"640\" height=\"360\" src=\"https:\/\/www.youtube.com\/embed\/Ua3vVD3nyeo?feature=oembed\" frameborder=\"0\" allow=\"accelerometer; autoplay; clipboard-write; encrypted-media; gyroscope; picture-in-picture; web-share\" referrerpolicy=\"strict-origin-when-cross-origin\" allowfullscreen><\/iframe>\n<\/div><figcaption class=\"wp-element-caption\">Part 4<\/figcaption><\/figure>\n<\/div>\n<\/div>\n<\/div>\n<\/div>\n<\/div><\/div>\n\n\n\n<p><\/p>\n\n\n\n<p><\/p>\n","protected":false},"excerpt":{"rendered":"<p>Prelude &amp; Tanz Guitarduo performed by Daniel Rogozhnikov and Rainer Achterholt. Add to card Buy now Bon Jour Duo for guitar performed by Daniel Rogozhnikov and Rainer Achterholt. You can buy the corresponding sheets in the shop: Add to cart Buy now A Simple Waltz (Solo) &#8220;A Simple Waltz&#8221;, performed by Lukas Bremer. You can&hellip; <a class=\"more-link\" href=\"https:\/\/www.rainerachterholt.de\/gb\/meine-musik-im-video\">Continue reading <span class=\"screen-reader-text\">Videos to present my Music<\/span><\/a><\/p>\n","protected":false},"author":1,"featured_media":0,"parent":0,"menu_order":0,"comment_status":"closed","ping_status":"closed","template":"tw-header-transparent.php","meta":{"footnotes":""},"class_list":["post-83","page","type-page","status-publish","hentry","entry"],"translation":{"provider":"WPGlobus","version":"3.0.2","language":"gb","enabled_languages":["de","gb"],"languages":{"de":{"title":true,"content":true,"excerpt":false},"gb":{"title":true,"content":true,"excerpt":false}}},"_links":{"self":[{"href":"https:\/\/www.rainerachterholt.de\/gb\/wp-json\/wp\/v2\/pages\/83","targetHints":{"allow":["GET"]}}],"collection":[{"href":"https:\/\/www.rainerachterholt.de\/gb\/wp-json\/wp\/v2\/pages"}],"about":[{"href":"https:\/\/www.rainerachterholt.de\/gb\/wp-json\/wp\/v2\/types\/page"}],"author":[{"embeddable":true,"href":"https:\/\/www.rainerachterholt.de\/gb\/wp-json\/wp\/v2\/users\/1"}],"replies":[{"embeddable":true,"href":"https:\/\/www.rainerachterholt.de\/gb\/wp-json\/wp\/v2\/comments?post=83"}],"version-history":[{"count":37,"href":"https:\/\/www.rainerachterholt.de\/gb\/wp-json\/wp\/v2\/pages\/83\/revisions"}],"predecessor-version":[{"id":302,"href":"https:\/\/www.rainerachterholt.de\/gb\/wp-json\/wp\/v2\/pages\/83\/revisions\/302"}],"wp:attachment":[{"href":"https:\/\/www.rainerachterholt.de\/gb\/wp-json\/wp\/v2\/media?parent=83"}],"curies":[{"name":"wp","href":"https:\/\/api.w.org\/{rel}","templated":true}]}}